{"id":771,"date":"2021-04-14T17:02:22","date_gmt":"2021-04-14T15:02:22","guid":{"rendered":"http:\/\/krysalide.net\/?page_id=771"},"modified":"2025-03-16T17:37:41","modified_gmt":"2025-03-16T16:37:41","slug":"qui-suis-je","status":"publish","type":"page","link":"https:\/\/krysalide.net\/index.php\/qui-suis-je\/","title":{"rendered":"Qui suis-je ?"},"content":{"rendered":"\t\t<div data-elementor-type=\"wp-page\" data-elementor-id=\"771\" class=\"elementor elementor-771\">\n\t\t\t\t\t\t\t\t\t<section class=\"elementor-section elementor-top-section elementor-element elementor-element-3e6b681 elementor-section-boxed elementor-section-height-default elementor-section-height-default\" data-id=\"3e6b681\" data-element_type=\"section\">\n\t\t\t\t\t\t<div class=\"elementor-container elementor-column-gap-default\">\n\t\t\t\t\t<div class=\"elementor-column elementor-col-100 elementor-top-column elementor-element elementor-element-6fea67f\" data-id=\"6fea67f\" data-element_type=\"column\">\n\t\t\t<div class=\"elementor-widget-wrap elementor-element-populated\">\n\t\t\t\t\t\t\t\t<div class=\"elementor-element elementor-element-450de18 elementor-widget elementor-widget-heading\" data-id=\"450de18\" data-element_type=\"widget\" data-widget_type=\"heading.default\">\n\t\t\t\t<div class=\"elementor-widget-container\">\n\t\t\t<h1 class=\"elementor-heading-title elementor-size-default\">Qui suis-je ?<\/h1>\t\t<\/div>\n\t\t\t\t<\/div>\n\t\t\t\t\t<\/div>\n\t\t<\/div>\n\t\t\t\t\t\t\t<\/div>\n\t\t<\/section>\n\t\t\t\t<section class=\"elementor-section elementor-top-section elementor-element elementor-element-bb2680b elementor-section-boxed elementor-section-height-default elementor-section-height-default\" data-id=\"bb2680b\" data-element_type=\"section\" data-settings=\"{&quot;background_background&quot;:&quot;classic&quot;}\">\n\t\t\t\t\t\t\t<div class=\"elementor-background-overlay\"><\/div>\n\t\t\t\t\t\t\t<div class=\"elementor-container elementor-column-gap-default\">\n\t\t\t\t\t<div class=\"elementor-column elementor-col-100 elementor-top-column elementor-element elementor-element-54b11ef0\" data-id=\"54b11ef0\" data-element_type=\"column\">\n\t\t\t<div class=\"elementor-widget-wrap elementor-element-populated\">\n\t\t\t\t\t\t\t\t<div class=\"elementor-element elementor-element-752e9098 elementor-widget elementor-widget-text-editor\" data-id=\"752e9098\" data-element_type=\"widget\" data-widget_type=\"text-editor.default\">\n\t\t\t\t<div class=\"elementor-widget-container\">\n\t\t\t\t\t\t\t<p style=\"text-align: left;\"><strong> <a href=\"http:\/\/krysalide.net\/wp-content\/uploads\/2021\/06\/Qui-suis-je--scaled.jpg\"><img loading=\"lazy\" class=\"size-medium wp-image-1834 alignleft\" src=\"http:\/\/krysalide.net\/wp-content\/uploads\/2021\/06\/Qui-suis-je--300x278.jpg\" alt=\"\" width=\"300\" height=\"278\" srcset=\"https:\/\/krysalide.net\/wp-content\/uploads\/2021\/06\/Qui-suis-je--300x278.jpg 300w, https:\/\/krysalide.net\/wp-content\/uploads\/2021\/06\/Qui-suis-je--1024x948.jpg 1024w, https:\/\/krysalide.net\/wp-content\/uploads\/2021\/06\/Qui-suis-je--768x711.jpg 768w, https:\/\/krysalide.net\/wp-content\/uploads\/2021\/06\/Qui-suis-je--1536x1422.jpg 1536w, https:\/\/krysalide.net\/wp-content\/uploads\/2021\/06\/Qui-suis-je--2048x1896.jpg 2048w\" sizes=\"(max-width: 300px) 100vw, 300px\" \/><\/a><\/strong><\/p><p style=\"text-align: left;\">Moi c\u2019est Karine !! je suis danseuse, chor\u00e9graphe, Art et Danse th\u00e9rapeute et cr\u00e9atrice de la M\u00e9thode Krysalide.<\/p><p style=\"text-align: left;\">J\u2019ai r\u00e9ussi \u00e0 r\u00e9aliser mon r\u00eave d\u2019enfant !! Devenir danseuse !! (:\u00a0<\/p><p style=\"text-align: left;\">Petite fille, j\u2019ai eu le chance d\u2019\u00eatre accueilli dans des \u00e9coles et conservatoires de danse classique puis contemporaine o\u00f9 j\u2019ai appris l\u2019exigent et merveilleux m\u00e9tier de danseuse.<\/p><p style=\"text-align: left;\">Petite fille issue de quartier d\u00e9favoris\u00e9, j\u2019ai gr\u00e2ce \u00e0 ma d\u00e9termination, trouv\u00e9 ma place dans ce milieu qui me paraissait inaccessible. J\u2019ai eu la chance d&rsquo;\u00eatre entour\u00e9 par des professeurs bienveillants ( mais pas que &#8230; !) aupr\u00e8s de qui, ma passion et mon investissement pour la danse a \u00e9t\u00e9 grandissant. Je les remercie du fond du coeur.\u00a0<\/p><p style=\"text-align: left;\">J\u2019\u00e9volue, je grandis et je me construis depuis l\u2019\u00e2ge de 9 ans dans cet espace d\u2019expression cr\u00e9atif qui me donne des ailes, de la valeur et m\u2019aide \u00e0 affronter les blessures de la vie. \u00a0La danse pour jouer, exprimer, \u00a0\u00eatre et faire face \u00e0 l&rsquo;adversit\u00e9, \u00a0\u00e0 contribuer \u00e0 celle que je suis aujourd\u2019hui.<\/p><p style=\"text-align: left;\">La danse a \u00e9t\u00e9 pour moi une source et une ressource. \u00a0Ces bienfaits sur le corps et l\u2019esprit m&rsquo;ont permis de mieux me construire.\u00a0<\/p><p style=\"text-align: left;\">A 21 ans, apr\u00e8s avoir obtenu un dipl\u00f4me d\u2019\u00e9ducatrice de jeunes enfants, je deviens, petit \u00e0 petit&#8230; danseuse professionnelle, cr\u00e9e et dirige une compagnie de spectacles vivants :<\/p><p style=\"text-align: left;\"><b>\u00ab La compagnie La Caravane K \u00bb.<\/b><\/p><p style=\"text-align: left;\">J\u2019enseigne la danse et m\u00e8ne des projets p\u00e9dagogiques aupr\u00e8s de nombreux publics et plus particuli\u00e8rement aupr\u00e8s de la petite enfance et les personnes en difficult\u00e9s.<\/p><p style=\"text-align: left;\">Une grande et belle aventure formatrice, riche ( stages\/formations continues&#8230;) et constructive au cours de laquelle j\u2019obtiens mon dipl\u00f4me d\u2019\u00e9tat de professeur de danse contemporaine.<\/p><p style=\"text-align: left;\">A 50 ans, je d\u00e9cide d\u2019emprunter plus particuli\u00e8rement le chemin de la Danse th\u00e9rapie, j\u2019ouvre des ateliers de danse bien-\u00eatre et danse th\u00e9rapie dans diff\u00e9rents lieux \u00e0 Poitiers.<br \/>Parall\u00e8lement je continue d\u2019enseigner la danse en association et reste intervenante dans diverses milieux (scolaire\/institutions&#8230;).<\/p><p style=\"text-align: left;\">Riche de plus de 25 ans d\u2019exp\u00e9riences d\u2019intervenante danse aupr\u00e8s des personnes en situation de fragilit\u00e9, je me forme \u00e0 la Danse Th\u00e9rapie et continue de d\u00e9ployer mes ailes en d\u00e9veloppant la M\u00e9thode Krysalide \/ une envol\u00e9e vers l\u2019\u00e9panouissement !<\/p><p>En 2024 j&rsquo;obtiens une certification d&rsquo;Art Th\u00e9rapeute pour le \u00a0DU (Dipl\u00f4me Universitaire) \u00e0 la Facult\u00e9 de M\u00e9decine.\u00a0<\/p><p>Je poursuis ce chemin si utile et gratifiant.\u00a0<\/p><p>Au plaisir de vous rencontrer ici ou l\u00e0.\u00a0<\/p><p>Prenez soin de vous !\u00a0<\/p><p>******<\/p><p>Dipl\u00f4mes et formations :<\/p><p>Art-Therapeute ( inscrit au RNCP)\u00a0<\/p><p>Tecnicienne PNL ( Programmation Neuro Linguiste)\u00a0<\/p><p>Danse-Therapie\u00a0<\/p><p>Premi\u00e8re ann\u00e9e de formation au Shiatsu valid\u00e9e.\u00a0<\/p><p>DE Professeur de danse contemporaine\u00a0<\/p><p>DE Educatrice de jeunes enfants\u00a0<\/p>\t\t\t\t\t\t<\/div>\n\t\t\t\t<\/div>\n\t\t\t\t\t<\/div>\n\t\t<\/div>\n\t\t\t\t\t\t\t<\/div>\n\t\t<\/section>\n\t\t\t\t\t\t\t<\/div>\n\t\t","protected":false},"excerpt":{"rendered":"<p>Qui suis-je ? Moi c\u2019est Karine !! je suis danseuse, chor\u00e9graphe, Art et Danse th\u00e9rapeute et cr\u00e9atrice de la M\u00e9thode<\/p>\n","protected":false},"author":1,"featured_media":0,"parent":0,"menu_order":0,"comment_status":"closed","ping_status":"closed","template":"elementor_header_footer","meta":[],"yoast_head":"<!-- This site is optimized with the Yoast SEO plugin v17.4 - https:\/\/yoast.com\/wordpress\/plugins\/seo\/ -->\n<title>Qui suis-je ? - Krysalide - Danse Th\u00e9rapie Poitiers<\/title>\n<meta name=\"robots\" content=\"index, follow, max-snippet:-1, max-image-preview:large, max-video-preview:-1\" \/>\n<link rel=\"canonical\" href=\"https:\/\/krysalide.net\/index.php\/qui-suis-je\/\" \/>\n<meta property=\"og:locale\" content=\"fr_FR\" \/>\n<meta property=\"og:type\" content=\"article\" \/>\n<meta property=\"og:title\" content=\"Qui suis-je ? - Krysalide - Danse Th\u00e9rapie Poitiers\" \/>\n<meta property=\"og:description\" content=\"Qui suis-je ? Moi c\u2019est Karine !! je suis danseuse, chor\u00e9graphe, Art et Danse th\u00e9rapeute et cr\u00e9atrice de la M\u00e9thode\" \/>\n<meta property=\"og:url\" content=\"https:\/\/krysalide.net\/index.php\/qui-suis-je\/\" \/>\n<meta property=\"og:site_name\" content=\"Krysalide - Danse Th\u00e9rapie Poitiers\" \/>\n<meta property=\"article:modified_time\" content=\"2025-03-16T16:37:41+00:00\" \/>\n<meta property=\"og:image\" content=\"http:\/\/krysalide.net\/wp-content\/uploads\/2021\/06\/Qui-suis-je--300x278.jpg\" \/>\n<meta name=\"twitter:card\" content=\"summary_large_image\" \/>\n<meta name=\"twitter:label1\" content=\"Dur\u00e9e de lecture est.\" \/>\n\t<meta name=\"twitter:data1\" content=\"3 minutes\" \/>\n<script type=\"application\/ld+json\" class=\"yoast-schema-graph\">{\"@context\":\"https:\/\/schema.org\",\"@graph\":[{\"@type\":\"Organization\",\"@id\":\"http:\/\/krysalide.net\/#organization\",\"name\":\"Krysalide\",\"url\":\"http:\/\/krysalide.net\/\",\"sameAs\":[],\"logo\":{\"@type\":\"ImageObject\",\"@id\":\"http:\/\/krysalide.net\/#logo\",\"inLanguage\":\"fr-FR\",\"url\":\"http:\/\/krysalide.net\/wp-content\/uploads\/2021\/10\/cropped-logoWeb100-1.png\",\"contentUrl\":\"http:\/\/krysalide.net\/wp-content\/uploads\/2021\/10\/cropped-logoWeb100-1.png\",\"width\":231,\"height\":100,\"caption\":\"Krysalide\"},\"image\":{\"@id\":\"http:\/\/krysalide.net\/#logo\"}},{\"@type\":\"WebSite\",\"@id\":\"http:\/\/krysalide.net\/#website\",\"url\":\"http:\/\/krysalide.net\/\",\"name\":\"Krysalide - Danse Th\\u00e9rapie Poitiers\",\"description\":\"danse poitiers bien etre therapie Karine Jamet\",\"publisher\":{\"@id\":\"http:\/\/krysalide.net\/#organization\"},\"potentialAction\":[{\"@type\":\"SearchAction\",\"target\":{\"@type\":\"EntryPoint\",\"urlTemplate\":\"http:\/\/krysalide.net\/?s={search_term_string}\"},\"query-input\":\"required name=search_term_string\"}],\"inLanguage\":\"fr-FR\"},{\"@type\":\"ImageObject\",\"@id\":\"https:\/\/krysalide.net\/index.php\/qui-suis-je\/#primaryimage\",\"inLanguage\":\"fr-FR\",\"url\":\"http:\/\/krysalide.net\/wp-content\/uploads\/2021\/06\/Qui-suis-je--300x278.jpg\",\"contentUrl\":\"http:\/\/krysalide.net\/wp-content\/uploads\/2021\/06\/Qui-suis-je--300x278.jpg\"},{\"@type\":\"WebPage\",\"@id\":\"https:\/\/krysalide.net\/index.php\/qui-suis-je\/#webpage\",\"url\":\"https:\/\/krysalide.net\/index.php\/qui-suis-je\/\",\"name\":\"Qui suis-je ? - Krysalide - Danse Th\\u00e9rapie Poitiers\",\"isPartOf\":{\"@id\":\"http:\/\/krysalide.net\/#website\"},\"primaryImageOfPage\":{\"@id\":\"https:\/\/krysalide.net\/index.php\/qui-suis-je\/#primaryimage\"},\"datePublished\":\"2021-04-14T15:02:22+00:00\",\"dateModified\":\"2025-03-16T16:37:41+00:00\",\"breadcrumb\":{\"@id\":\"https:\/\/krysalide.net\/index.php\/qui-suis-je\/#breadcrumb\"},\"inLanguage\":\"fr-FR\",\"potentialAction\":[{\"@type\":\"ReadAction\",\"target\":[\"https:\/\/krysalide.net\/index.php\/qui-suis-je\/\"]}]},{\"@type\":\"BreadcrumbList\",\"@id\":\"https:\/\/krysalide.net\/index.php\/qui-suis-je\/#breadcrumb\",\"itemListElement\":[{\"@type\":\"ListItem\",\"position\":1,\"name\":\"Accueil\",\"item\":\"http:\/\/krysalide.net\/\"},{\"@type\":\"ListItem\",\"position\":2,\"name\":\"Qui suis-je ?\"}]}]}<\/script>\n<!-- \/ Yoast SEO plugin. -->","yoast_head_json":{"title":"Qui suis-je ? - Krysalide - Danse Th\u00e9rapie Poitiers","robots":{"index":"index","follow":"follow","max-snippet":"max-snippet:-1","max-image-preview":"max-image-preview:large","max-video-preview":"max-video-preview:-1"},"canonical":"https:\/\/krysalide.net\/index.php\/qui-suis-je\/","og_locale":"fr_FR","og_type":"article","og_title":"Qui suis-je ? - Krysalide - Danse Th\u00e9rapie Poitiers","og_description":"Qui suis-je ? Moi c\u2019est Karine !! je suis danseuse, chor\u00e9graphe, Art et Danse th\u00e9rapeute et cr\u00e9atrice de la M\u00e9thode","og_url":"https:\/\/krysalide.net\/index.php\/qui-suis-je\/","og_site_name":"Krysalide - Danse Th\u00e9rapie Poitiers","article_modified_time":"2025-03-16T16:37:41+00:00","og_image":[{"url":"http:\/\/krysalide.net\/wp-content\/uploads\/2021\/06\/Qui-suis-je--300x278.jpg"}],"twitter_card":"summary_large_image","twitter_misc":{"Dur\u00e9e de lecture est.":"3 minutes"},"schema":{"@context":"https:\/\/schema.org","@graph":[{"@type":"Organization","@id":"http:\/\/krysalide.net\/#organization","name":"Krysalide","url":"http:\/\/krysalide.net\/","sameAs":[],"logo":{"@type":"ImageObject","@id":"http:\/\/krysalide.net\/#logo","inLanguage":"fr-FR","url":"http:\/\/krysalide.net\/wp-content\/uploads\/2021\/10\/cropped-logoWeb100-1.png","contentUrl":"http:\/\/krysalide.net\/wp-content\/uploads\/2021\/10\/cropped-logoWeb100-1.png","width":231,"height":100,"caption":"Krysalide"},"image":{"@id":"http:\/\/krysalide.net\/#logo"}},{"@type":"WebSite","@id":"http:\/\/krysalide.net\/#website","url":"http:\/\/krysalide.net\/","name":"Krysalide - Danse Th\u00e9rapie Poitiers","description":"danse poitiers bien etre therapie Karine Jamet","publisher":{"@id":"http:\/\/krysalide.net\/#organization"},"potentialAction":[{"@type":"SearchAction","target":{"@type":"EntryPoint","urlTemplate":"http:\/\/krysalide.net\/?s={search_term_string}"},"query-input":"required name=search_term_string"}],"inLanguage":"fr-FR"},{"@type":"ImageObject","@id":"https:\/\/krysalide.net\/index.php\/qui-suis-je\/#primaryimage","inLanguage":"fr-FR","url":"http:\/\/krysalide.net\/wp-content\/uploads\/2021\/06\/Qui-suis-je--300x278.jpg","contentUrl":"http:\/\/krysalide.net\/wp-content\/uploads\/2021\/06\/Qui-suis-je--300x278.jpg"},{"@type":"WebPage","@id":"https:\/\/krysalide.net\/index.php\/qui-suis-je\/#webpage","url":"https:\/\/krysalide.net\/index.php\/qui-suis-je\/","name":"Qui suis-je ? - Krysalide - Danse Th\u00e9rapie Poitiers","isPartOf":{"@id":"http:\/\/krysalide.net\/#website"},"primaryImageOfPage":{"@id":"https:\/\/krysalide.net\/index.php\/qui-suis-je\/#primaryimage"},"datePublished":"2021-04-14T15:02:22+00:00","dateModified":"2025-03-16T16:37:41+00:00","breadcrumb":{"@id":"https:\/\/krysalide.net\/index.php\/qui-suis-je\/#breadcrumb"},"inLanguage":"fr-FR","potentialAction":[{"@type":"ReadAction","target":["https:\/\/krysalide.net\/index.php\/qui-suis-je\/"]}]},{"@type":"BreadcrumbList","@id":"https:\/\/krysalide.net\/index.php\/qui-suis-je\/#breadcrumb","itemListElement":[{"@type":"ListItem","position":1,"name":"Accueil","item":"http:\/\/krysalide.net\/"},{"@type":"ListItem","position":2,"name":"Qui suis-je ?"}]}]}},"_links":{"self":[{"href":"https:\/\/krysalide.net\/index.php\/wp-json\/wp\/v2\/pages\/771"}],"collection":[{"href":"https:\/\/krysalide.net\/index.php\/wp-json\/wp\/v2\/pages"}],"about":[{"href":"https:\/\/krysalide.net\/index.php\/wp-json\/wp\/v2\/types\/page"}],"author":[{"embeddable":true,"href":"https:\/\/krysalide.net\/index.php\/wp-json\/wp\/v2\/users\/1"}],"replies":[{"embeddable":true,"href":"https:\/\/krysalide.net\/index.php\/wp-json\/wp\/v2\/comments?post=771"}],"version-history":[{"count":160,"href":"https:\/\/krysalide.net\/index.php\/wp-json\/wp\/v2\/pages\/771\/revisions"}],"predecessor-version":[{"id":3163,"href":"https:\/\/krysalide.net\/index.php\/wp-json\/wp\/v2\/pages\/771\/revisions\/3163"}],"wp:attachment":[{"href":"https:\/\/krysalide.net\/index.php\/wp-json\/wp\/v2\/media?parent=771"}],"curies":[{"name":"wp","href":"https:\/\/api.w.org\/{rel}","templated":true}]}}